{"id":65,"date":"2024-10-30T17:53:43","date_gmt":"2024-10-30T17:53:43","guid":{"rendered":"https:\/\/kirchehrenbach.wib-physiotherapie.com\/index.php\/praxis-kirchehrenbach\/"},"modified":"2026-03-18T07:09:06","modified_gmt":"2026-03-18T07:09:06","slug":"praxis-kirchehrenbach","status":"publish","type":"page","link":"https:\/\/langensendelbach.wib-physiotherapie.com\/","title":{"rendered":"Startseite"},"content":{"rendered":"\n  \n    \n    <section class=\"u-clearfix u-grey-5 u-section-2\" id=\"carousel_39e7\">\n      <div class=\"custom-expanded u-container-style u-group u-palette-1-base u-radius u-group-1\" data-animation-name=\"customAnimationIn\" data-animation-duration=\"1500\" data-animation-delay=\"500\">\n        <div class=\"u-container-layout u-container-layout-1\">\n          <h3 class=\"u-align-center u-custom-font u-text u-text-default u-text-palette-2-base u-text-1\">Willkommen in unserer Praxis in Langensendelbach<\/h3>\n          <img decoding=\"async\" class=\"u-border-5 u-border-palette-2-base u-image u-image-default u-image-1\" src=\"https:\/\/langensendelbach.wib-physiotherapie.com\/wp-content\/uploads\/2024\/11\/IMG_0795.jpg\" data-image-width=\"800\" data-image-height=\"533\" data-animation-name=\"customAnimationIn\" data-animation-duration=\"1500\" data-animation-delay=\"500\">\n        <\/div>\n      <\/div>\n      <div class=\"u-align-center u-border-5 u-border-palette-1-base u-container-align-center u-container-style u-group u-shape-rectangle u-white u-group-2\" data-animation-name=\"customAnimationIn\" data-animation-duration=\"1500\" data-animation-delay=\"500\">\n        <div class=\"u-container-layout u-container-layout-2\">\n          <h4 class=\"u-align-center u-custom-font u-font-roboto u-text u-text-palette-2-base u-text-2\">privat und alle Kassen<\/h4>\n          <h2 class=\"u-align-center u-text u-text-palette-4-base u-text-3\" data-animation-name=\"customAnimationIn\" data-animation-duration=\"1500\" data-animation-delay=\"500\">Jetzt 2x im Landkreis Forchheim<\/h2>\n          <p class=\"u-align-center u-custom-font u-font-roboto u-text u-text-palette-2-base u-text-4\" data-animation-name=\"customAnimationIn\" data-animation-duration=\"1500\" data-animation-delay=\"500\" data-animation-direction=\"\">Physiotherapie - Sporttherapie - Pr\u00e4vention<\/p>\n          <a href=\"https:\/\/langensendelbach.wib-physiotherapie.com\/index.php\/kontakt\/\" class=\"u-active-palette-2-base u-border-none u-btn u-button-style u-hover-palette-2-base u-palette-1-base u-btn-1\">Kontakt<\/a>\n        <\/div>\n      <\/div>\n    <\/section>\n    <section class=\"u-clearfix u-grey-5 u-section-3\" id=\"sec-4b65\">\n      <div class=\"u-clearfix u-sheet u-sheet-1\">\n        <h2 class=\"u-align-center u-custom-font u-font-roboto u-text u-text-default u-text-palette-4-base u-text-1\">Die Praxis<\/h2>\n        <div class=\"u-align-center u-border-3 u-border-palette-2-base u-line u-line-horizontal u-line-1\"><\/div>\n        <h5 class=\"u-align-center u-custom-font u-font-roboto u-text u-text-palette-2-base u-text-2\">Unsere Philosophie<\/h5>\n        <p class=\"u-align-center u-custom-font u-font-roboto u-text u-text-palette-4-base u-text-3\"> Eine gezielte Zusammenarbeit zwischen Therapeut und Patient sind f\u00fcr die erfolgreiche Behandlung physischer Erkrankungen zentral. <br>Zusammen mit einer fundierten Befundung legen wir hier die Grundlage f\u00fcr eine effektive Behandlung. Regelm\u00e4\u00dfige Fort- und Weiterbildungen sind bei uns selbstverst\u00e4ndlich. \n        <\/p>\n        <img decoding=\"async\" class=\"u-align-left u-image u-image-1\" src=\"https:\/\/langensendelbach.wib-physiotherapie.com\/wp-content\/uploads\/2024\/11\/IMG_2312.jpg\" data-image-width=\"800\" data-image-height=\"533\" data-animation-name=\"customAnimationIn\" data-animation-duration=\"3000\" data-animation-delay=\"0\">\n        <img decoding=\"async\" class=\"u-align-left u-image u-image-2\" src=\"https:\/\/langensendelbach.wib-physiotherapie.com\/wp-content\/uploads\/2024\/11\/IMG_0838.jpg\" data-image-width=\"800\" data-image-height=\"533\" data-animation-name=\"customAnimationIn\" data-animation-duration=\"3000\" data-animation-delay=\"0\">\n        <img decoding=\"async\" class=\"u-align-left u-image u-image-3\" src=\"https:\/\/langensendelbach.wib-physiotherapie.com\/wp-content\/uploads\/2024\/11\/IMG_0795.jpg\" data-image-width=\"800\" data-image-height=\"533\" data-animation-name=\"customAnimationIn\" data-animation-duration=\"3000\" data-animation-delay=\"0\">\n      <\/div>\n    <\/section>\n    <section class=\"u-clearfix u-gradient u-image u-section-4\" id=\"sec-bdd4\" style=\"background-image: linear-gradient(rgba(252, 252, 252, 0.5), rgba(252, 252, 252, 0.5)), url(&quot;https:\/\/langensendelbach.wib-physiotherapie.com\/wp-content\/uploads\/2024\/10\/physiotherapie-du-parc-accueil.jpg&quot;), url(&quot;https:\/\/langensendelbach.wib-physiotherapie.com\/wp-content\/uploads\/2024\/10\/physiotherapie-du-parc-accueil.jpg&quot;);\">\n      <div class=\"u-clearfix u-sheet u-sheet-1\">\n        <h2 class=\"u-align-center u-custom-font u-font-roboto u-text u-text-default u-text-palette-4-base u-text-1\">F\u00fcr Ihre Gesundheit - Unsere Leistungen<\/h2>\n        <div class=\"u-border-3 u-border-palette-2-base u-line u-line-horizontal u-line-1\"><\/div>\n        <p class=\"u-align-center u-custom-font u-font-roboto u-text u-text-palette-4-base u-text-2\"> Neben den klassischen Behandlungsmethoden und Anwendungen bieten wir Ihnen auch ein Wohlf\u00fchlprogramm.&nbsp;<br>\n        <\/p>\n        <div class=\"u-expanded-width u-list u-list-1\">\n          <div class=\"u-repeater u-repeater-1\">\n            <div class=\"u-align-left u-container-align-left u-list-item u-repeater-item u-white u-list-item-1\">\n              <div class=\"u-container-layout u-similar-container u-valign-top u-container-layout-1\">\n                <img decoding=\"async\" alt=\"\" class=\"u-expanded-width u-image u-image-default u-image-1\" src=\"https:\/\/langensendelbach.wib-physiotherapie.com\/wp-content\/uploads\/2024\/10\/IMG_2347.jpg\" data-image-width=\"800\" data-image-height=\"533\">\n                <h5 class=\"u-custom-font u-font-roboto u-text u-text-palette-4-base u-text-3\">Physiotherapie<\/h5>\n                <p class=\"u-custom-font u-font-roboto u-text u-text-palette-4-base u-text-4\"> Physiotherapie, fr\u00fcher auch Krankengymnastik, ist eine Form spezifischen Trainings und der \u00e4u\u00dferlichen Anwendung von Heilmitteln, mit der vor allem die Bewegungs- und Funktionsf\u00e4higkeit des menschlichen K\u00f6rpers wiederhergestellt, verbessert oder erhalten werden soll.<\/p>\n                <a href=\"https:\/\/langensendelbach.wib-physiotherapie.com\/index.php\/unsere-leistungen\/\" class=\"u-align-left u-border-1 u-border-active-palette-2-base u-border-hover-palette-1-base u-border-no-left u-border-no-right u-border-no-top u-btn u-button-style u-custom-item u-none u-text-active-palette-1-base u-text-hover-palette-1-base u-text-palette-2-base u-btn-1\">Unsere Leistungen im \u00dcberblick <\/a>\n              <\/div>\n            <\/div>\n            <div class=\"u-align-left u-container-align-left u-list-item u-repeater-item u-white u-list-item-2\">\n              <div class=\"u-container-layout u-similar-container u-valign-top u-container-layout-2\">\n                <img decoding=\"async\" alt=\"\" class=\"u-expanded-width u-image u-image-default u-image-2\" src=\"https:\/\/langensendelbach.wib-physiotherapie.com\/wp-content\/uploads\/2024\/10\/8ea9a97d4ce1cf40e4b733f8ef38ec7d7c378d06b60653f76ab8c46d06dd0d66b3e819e1548b920f79561ce4fe9f71a4450cc3a2f78cfae458d835_1280.jpg\" data-image-width=\"1280\" data-image-height=\"860\">\n                <h5 class=\"u-custom-font u-font-roboto u-text u-text-palette-4-base u-text-5\">Wellness<\/h5>\n                <ul class=\"u-custom-font u-font-roboto u-text u-text-palette-4-base u-text-6\">\n                  <li> Aromamassage<\/li>\n                  <li> Fussreflexzonen <\/li>\n                  <li> Schr\u00f6pfbehandlungen <\/li>\n                  <li> Myofasziales Taping <\/li>\n                  <li> Dorn Therapie<br>\n                    <br>\n                  <\/li>\n                <\/ul>\n                <a href=\"#carousel_d441\" class=\"u-align-left u-border-1 u-border-active-palette-2-base u-border-hover-palette-1-base u-border-no-left u-border-no-right u-border-no-top u-btn u-button-style u-custom-item u-none u-text-active-palette-1-base u-text-hover-palette-1-base u-text-palette-2-base u-btn-2\">Termin vereinbaren <\/a>\n              <\/div>\n            <\/div>\n          <\/div>\n        <\/div>\n      <\/div>\n    <\/section>\n    <section class=\"u-clearfix u-gradient u-section-5\" id=\"carousel_d441\">\n      <div class=\"u-clearfix u-sheet u-valign-middle u-sheet-1\">\n        <div class=\"data-layout-selected u-clearfix u-expanded-width u-gutter-10 u-layout-wrap u-layout-wrap-1\">\n          <div class=\"u-gutter-0 u-layout\">\n            <div class=\"u-layout-row\">\n              <div class=\"u-align-left u-container-align-center u-container-align-left u-container-style u-layout-cell u-left-cell u-size-30 u-layout-cell-1\">\n                <div class=\"u-container-layout u-valign-top u-container-layout-1\" src=\"\">\n                  <img decoding=\"async\" class=\"u-expanded-width u-image u-image-1\" src=\"https:\/\/langensendelbach.wib-physiotherapie.com\/wp-content\/uploads\/2024\/10\/663aa80ffe7cb4015878b6f4958eba12174ca47621a18e12223328e9e1ff1460f1d54e36b8284a01edcbfca6cdbd1e87ca77fe4d84cfdceed28fe8_1280.jpg\" data-image-width=\"1280\" data-image-height=\"853\">\n                <\/div>\n              <\/div>\n              <div class=\"u-align-left u-container-align-left u-container-style u-layout-cell u-size-30 u-layout-cell-2\">\n                <div class=\"u-container-layout u-valign-bottom u-container-layout-2\">\n                  <h3 class=\"u-align-left u-text u-text-palette-2-base u-text-1\">Ihr Termin<\/h3>\n                  <p class=\"u-align-left u-custom-font u-font-roboto u-text u-text-2\">Individuelle Terminvereinbarungen unter<\/p>\n                  <p class=\"u-align-left u-custom-font u-font-roboto u-text u-text-palette-2-base u-text-3\">09133 - 767730<\/p>\n                  <a href=\"tel:+499133767730\" class=\"u-border-none u-btn u-button-style u-hover-palette-4-base u-palette-2-base u-btn-1\"><span class=\"u-icon\"><svg class=\"u-svg-content\" viewBox=\"0 0 513.64 513.64\" x=\"0px\" y=\"0px\" style=\"width: 1em; height: 1em;\"><path d=\"M499.66,376.96l-71.68-71.68c-25.6-25.6-69.12-15.359-79.36,17.92c-7.68,23.041-33.28,35.841-56.32,30.72 c-51.2-12.8-120.32-79.36-133.12-133.12c-7.68-23.041,7.68-48.641,30.72-56.32c33.28-10.24,43.52-53.76,17.92-79.36l-71.68-71.68 c-20.48-17.92-51.2-17.92-69.12,0l-48.64,48.64c-48.64,51.2,5.12,186.88,125.44,307.2c120.32,120.32,256,176.641,307.2,125.44 l48.64-48.64C517.581,425.6,517.581,394.88,499.66,376.96z\"><\/path><\/svg><\/span>&nbsp; &nbsp;Termin Vereinbaren \n                  <\/a>\n                <\/div>\n              <\/div>\n            <\/div>\n          <\/div>\n        <\/div>\n      <\/div>\n    <\/section>\n    <section class=\"u-clearfix u-grey-5 u-section-6\" id=\"sec-e6fc\">\n      <div class=\"u-clearfix u-sheet u-sheet-1\">\n        <div class=\"data-layout-selected u-clearfix u-expanded-width u-gutter-30 u-layout-spacing-vertical u-layout-wrap u-layout-wrap-1\">\n          <div class=\"u-gutter-0 u-layout\">\n            <div class=\"u-layout-row\">\n              <div class=\"u-size-30\">\n                <div class=\"u-layout-row\">\n                  <div class=\"u-align-left u-container-align-left u-container-style u-layout-cell u-right-cell u-size-60 u-layout-cell-1\">\n                    <div class=\"u-container-layout u-container-layout-1\">\n                      <div class=\"u-align-left u-expanded u-grey-10 u-map\">\n                        <div class=\"embed-responsive\">\n                          <iframe class=\"embed-responsive-item\" src=\"https:\/\/maps.google.com\/maps?output=embed&amp;q=Zum%20Berg%2042%E2%80%8B91094%20Langensendelbach&amp;z=10&amp;t=m\" data-map=\"JTdCJTIyYWRkcmVzcyUyMiUzQSUyMlp1bSUyMEJlcmclMjA0MiVFMiU4MCU4QjkxMDk0JTIwTGFuZ2Vuc2VuZGVsYmFjaCUyMiUyQyUyMnpvb20lMjIlM0ExMCUyQyUyMnR5cGVJZCUyMiUzQSUyMnJvYWQlMjIlMkMlMjJsYW5nJTIyJTNBJTIyJTIyJTdE\"><\/iframe>\n                        <\/div>\n                      <\/div>\n                    <\/div>\n                  <\/div>\n                <\/div>\n              <\/div>\n              <div class=\"u-size-30\">\n                <div class=\"u-layout-col\">\n                  <div class=\"u-align-left u-container-align-left u-container-style u-layout-cell u-left-cell u-size-30 u-white u-layout-cell-2\">\n                    <div class=\"u-container-layout u-container-layout-2\">\n                      <h2 class=\"u-custom-font u-font-roboto u-text u-text-palette-2-base u-text-1\">Unsere Standorte<\/h2>\n                      <p class=\"u-custom-font u-font-roboto u-text u-text-palette-4-base u-text-2\">Physiotherapie Langensendelbach<\/p>\n                      <p class=\"u-custom-font u-font-roboto u-text u-text-palette-4-base u-text-3\">Zum Berg 42<br> 91094 Langensendelbach \n                      <\/p>\n                    <\/div>\n                  <\/div>\n                  <div class=\"u-align-left u-container-align-left u-container-style u-layout-cell u-left-cell u-size-30 u-white u-layout-cell-3\">\n                    <div class=\"u-container-layout u-container-layout-3\">\n                      <p class=\"u-align-left u-custom-font u-font-roboto u-text u-text-palette-4-base u-text-4\">Physiotherapie Kirchehrenbach<\/p>\n                      <p class=\"u-custom-font u-font-roboto u-text u-text-palette-4-base u-text-5\"> Pretzfelder Strasse 11<br>91356 Kirchehrenbach\n                      <\/p>\n                      <a href=\"https:\/\/kirchehrenbach.wib-physiotherapie.com\" class=\"u-active-palette-2-base u-border-none u-btn u-btn-round u-button-style u-hover-palette-2-base u-radius u-text-active-palette-3-base u-text-hover-palette-3-base u-text-palette-4-base u-btn-1\">Webseite&nbsp; Kirchehrenbach&nbsp;<span class=\"u-icon u-text-palette-4-base u-icon-1\"><svg class=\"u-svg-content\" viewBox=\"0 0 512 512\" x=\"0px\" y=\"0px\" style=\"width: 1em; height: 1em;\"><path d=\"M506.134,241.843c-0.006-0.006-0.011-0.013-0.018-0.019l-104.504-104c-7.829-7.791-20.492-7.762-28.285,0.068 c-7.792,7.829-7.762,20.492,0.067,28.284L443.558,236H20c-11.046,0-20,8.954-20,20c0,11.046,8.954,20,20,20h423.557 l-70.162,69.824c-7.829,7.792-7.859,20.455-0.067,28.284c7.793,7.831,20.457,7.858,28.285,0.068l104.504-104 c0.006-.006,0.011-.013,0.018-.019C513.968,262.339,513.943,249.635,506.134,241.843z\"><\/path><\/svg><\/span>\n                      <\/a>\n                    <\/div>\n                  <\/div>\n                <\/div>\n              <\/div>\n            <\/div>\n          <\/div>\n        <\/div>\n      <\/div>\n    <\/section>\n    \n    \n    \n  \n","protected":false},"excerpt":{"rendered":"<p>Willkommen in unserer Praxis in Langensendelbach privat und alle Kassen Jetzt 2x im Landkreis Forchheim Physiotherapie &#8211; Sporttherapie &#8211; Pr\u00e4vention Kontakt Die Praxis Unsere Philosophie Eine gezielte Zusammenarbeit zwischen Therapeut und Patient sind f\u00fcr die erfolgreiche Behandlung physischer Erkrankungen zentral. Zusammen mit einer fundierten Befundung legen wir hier die Grundlage f\u00fcr eine effektive Behandlung. Regelm\u00e4\u00dfige &hellip; <a href=\"https:\/\/langensendelbach.wib-physiotherapie.com\/\" class=\"more-link\">Continue reading<span class=\"screen-reader-text\"> &#8222;Startseite&#8220;<\/span><\/a><\/p>\n","protected":false},"author":1,"featured_media":0,"parent":0,"menu_order":6,"comment_status":"closed","ping_status":"closed","template":"","meta":{"footnotes":""},"class_list":["post-65","page","type-page","status-publish","hentry"],"_links":{"self":[{"href":"https:\/\/langensendelbach.wib-physiotherapie.com\/index.php\/wp-json\/wp\/v2\/pages\/65","targetHints":{"allow":["GET"]}}],"collection":[{"href":"https:\/\/langensendelbach.wib-physiotherapie.com\/index.php\/wp-json\/wp\/v2\/pages"}],"about":[{"href":"https:\/\/langensendelbach.wib-physiotherapie.com\/index.php\/wp-json\/wp\/v2\/types\/page"}],"author":[{"embeddable":true,"href":"https:\/\/langensendelbach.wib-physiotherapie.com\/index.php\/wp-json\/wp\/v2\/users\/1"}],"replies":[{"embeddable":true,"href":"https:\/\/langensendelbach.wib-physiotherapie.com\/index.php\/wp-json\/wp\/v2\/comments?post=65"}],"version-history":[{"count":11,"href":"https:\/\/langensendelbach.wib-physiotherapie.com\/index.php\/wp-json\/wp\/v2\/pages\/65\/revisions"}],"predecessor-version":[{"id":180,"href":"https:\/\/langensendelbach.wib-physiotherapie.com\/index.php\/wp-json\/wp\/v2\/pages\/65\/revisions\/180"}],"wp:attachment":[{"href":"https:\/\/langensendelbach.wib-physiotherapie.com\/index.php\/wp-json\/wp\/v2\/media?parent=65"}],"curies":[{"name":"wp","href":"https:\/\/api.w.org\/{rel}","templated":true}]}}